{"id":1202,"date":"2025-11-13T15:19:28","date_gmt":"2025-11-13T20:19:28","guid":{"rendered":"https:\/\/tiempodedios.mx\/?page_id=1202"},"modified":"2026-04-04T15:25:42","modified_gmt":"2026-04-04T20:25:42","slug":"proximamente","status":"publish","type":"page","link":"https:\/\/tiempodedios.mx\/en\/proximamente\/","title":{"rendered":"Pr\u00f3ximamente"},"content":{"rendered":"\t\t<div data-elementor-type=\"wp-page\" data-elementor-id=\"1202\" class=\"elementor elementor-1202\" data-elementor-post-type=\"page\">\n\t\t\t\t\t\t<section class=\"elementor-section elementor-top-section elementor-element elementor-element-6f84edd elementor-section-boxed elementor-section-height-default elementor-section-height-default elementor-invisible\" data-id=\"6f84edd\" data-element_type=\"section\" data-e-type=\"section\" data-settings=\"{&quot;background_background&quot;:&quot;video&quot;,&quot;background_video_link&quot;:&quot;https:\\\/\\\/tiempodedios.mx\\\/wp-content\\\/uploads\\\/2025\\\/11\\\/FondoNegroAhumado.mov&quot;,&quot;animation&quot;:&quot;fadeIn&quot;}\">\n\t\t\t\t\t\t\t\t<div class=\"elementor-background-video-container elementor-hidden-mobile\">\n\t\t\t\t\t\t\t\t\t\t\t\t\t<video class=\"elementor-background-video-hosted\" role=\"presentation\" autoplay muted playsinline loop><\/video>\n\t\t\t\t\t\t\t\t\t\t\t<\/div>\n\t\t\t\t\t\t\t\t\t<div class=\"elementor-background-overlay\"><\/div>\n\t\t\t\t\t\t\t<div class=\"elementor-container elementor-column-gap-default\">\n\t\t\t\t\t<div class=\"elementor-column elementor-col-100 elementor-top-column elementor-element elementor-element-2ad2c0f\" data-id=\"2ad2c0f\" data-element_type=\"column\" data-e-type=\"column\">\n\t\t\t<div class=\"elementor-widget-wrap elementor-element-populated\">\n\t\t\t\t\t\t<div class=\"elementor-element elementor-element-bc80044 elementor-widget elementor-widget-spacer\" data-id=\"bc80044\" data-element_type=\"widget\" data-e-type=\"widget\" data-widget_type=\"spacer.default\">\n\t\t\t\t<div class=\"elementor-widget-container\">\n\t\t\t\t\t\t\t<div class=\"elementor-spacer\">\n\t\t\t<div class=\"elementor-spacer-inner\"><\/div>\n\t\t<\/div>\n\t\t\t\t\t\t<\/div>\n\t\t\t\t<\/div>\n\t\t\t\t<div class=\"elementor-element elementor-element-7fb2730 elementor-widget elementor-widget-heading\" data-id=\"7fb2730\" data-element_type=\"widget\" data-e-type=\"widget\" data-widget_type=\"heading.default\">\n\t\t\t\t<div class=\"elementor-widget-container\">\n\t\t\t\t\t<h2 class=\"elementor-heading-title elementor-size-default\">En Construcci\u00f3n...<\/h2>\t\t\t\t<\/div>\n\t\t\t\t<\/div>\n\t\t\t\t<div class=\"elementor-element elementor-element-b1e512c elementor-widget elementor-widget-spacer\" data-id=\"b1e512c\" data-element_type=\"widget\" data-e-type=\"widget\" data-widget_type=\"spacer.default\">\n\t\t\t\t<div class=\"elementor-widget-container\">\n\t\t\t\t\t\t\t<div class=\"elementor-spacer\">\n\t\t\t<div class=\"elementor-spacer-inner\"><\/div>\n\t\t<\/div>\n\t\t\t\t\t\t<\/div>\n\t\t\t\t<\/div>\n\t\t\t\t<div class=\"elementor-element elementor-element-757c650 elementor-widget elementor-widget-text-editor\" data-id=\"757c650\" data-element_type=\"widget\" data-e-type=\"widget\" data-widget_type=\"text-editor.default\">\n\t\t\t\t<div class=\"elementor-widget-container\">\n\t\t\t\t\t\t\t\t\t<p>Qui\u00e9n de ustedes, si quiere edificar una torre, no se sienta primero a calcular los gastos, para ver si tiene con qu\u00e9 terminarla?<\/p>\t\t\t\t\t\t\t\t<\/div>\n\t\t\t\t<\/div>\n\t\t\t\t<div class=\"elementor-element elementor-element-bcf5d65 elementor-widget elementor-widget-text-editor\" data-id=\"bcf5d65\" data-element_type=\"widget\" data-e-type=\"widget\" data-widget_type=\"text-editor.default\">\n\t\t\t\t<div class=\"elementor-widget-container\">\n\t\t\t\t\t\t\t\t\t<p>No sea que, una vez puestos los cimientos, no pueda acabar y todos los que lo vean se r\u00edan de \u00e9l, diciendo:\u00a0<\/p>\t\t\t\t\t\t\t\t<\/div>\n\t\t\t\t<\/div>\n\t\t\t\t<div class=\"elementor-element elementor-element-7ee209e elementor-widget elementor-widget-text-editor\" data-id=\"7ee209e\" data-element_type=\"widget\" data-e-type=\"widget\" data-settings=\"{&quot;motion_fx_motion_fx_scrolling&quot;:&quot;yes&quot;,&quot;motion_fx_devices&quot;:[&quot;desktop&quot;,&quot;tablet&quot;,&quot;mobile&quot;]}\" data-widget_type=\"text-editor.default\">\n\t\t\t\t<div class=\"elementor-widget-container\">\n\t\t\t\t\t\t\t\t\t<p>\u00abEste comenz\u00f3 a edificar y no pudo terminar\u00bb.<\/p>\t\t\t\t\t\t\t\t<\/div>\n\t\t\t\t<\/div>\n\t\t\t\t<div class=\"elementor-element elementor-element-07771a7 elementor-widget elementor-widget-text-editor\" data-id=\"07771a7\" data-element_type=\"widget\" data-e-type=\"widget\" data-widget_type=\"text-editor.default\">\n\t\t\t\t<div class=\"elementor-widget-container\">\n\t\t\t\t\t\t\t\t\t<p>Lucas 14 (28-30)<\/p>\t\t\t\t\t\t\t\t<\/div>\n\t\t\t\t<\/div>\n\t\t\t\t<div class=\"elementor-element elementor-element-69f7405 elementor-align-center elementor-widget elementor-widget-button\" data-id=\"69f7405\" data-element_type=\"widget\" data-e-type=\"widget\" data-widget_type=\"button.default\">\n\t\t\t\t<div class=\"elementor-widget-container\">\n\t\t\t\t\t\t\t\t\t<div class=\"elementor-button-wrapper\">\n\t\t\t\t\t<a class=\"elementor-button elementor-button-link elementor-size-sm\" href=\"https:\/\/tiempodedios.mx\/en\">\n\t\t\t\t\t\t<span class=\"elementor-button-content-wrapper\">\n\t\t\t\t\t\t\t\t\t<span class=\"elementor-button-text\">Regresar al g\u00e9nesis<\/span>\n\t\t\t\t\t<\/span>\n\t\t\t\t\t<\/a>\n\t\t\t\t<\/div>\n\t\t\t\t\t\t\t\t<\/div>\n\t\t\t\t<\/div>\n\t\t\t\t<div class=\"elementor-element elementor-element-022b5d2 elementor-widget elementor-widget-spacer\" data-id=\"022b5d2\" data-element_type=\"widget\" data-e-type=\"widget\" data-widget_type=\"spacer.default\">\n\t\t\t\t<div class=\"elementor-widget-container\">\n\t\t\t\t\t\t\t<div class=\"elementor-spacer\">\n\t\t\t<div class=\"elementor-spacer-inner\"><\/div>\n\t\t<\/div>\n\t\t\t\t\t\t<\/div>\n\t\t\t\t<\/div>\n\t\t\t\t\t<\/div>\n\t\t<\/div>\n\t\t\t\t\t<\/div>\n\t\t<\/section>\n\t\t\t\t<\/div>\n\t\t","protected":false},"excerpt":{"rendered":"<p>En Construcci\u00f3n&#8230; Qui\u00e9n de ustedes, si quiere edificar una torre, no se sienta primero a calcular los gastos, para ver si tiene con qu\u00e9 terminarla? No sea que, una vez puestos los cimientos, no pueda acabar y todos los que lo vean se r\u00edan de \u00e9l, diciendo:\u00a0 \u00abEste comenz\u00f3 a edificar y no pudo terminar\u00bb. [&hellip;]<\/p>\n","protected":false},"author":4,"featured_media":0,"parent":0,"menu_order":0,"comment_status":"closed","ping_status":"closed","template":"","meta":{"footnotes":""},"class_list":["post-1202","page","type-page","status-publish","hentry"],"yoast_head":"<!-- This site is optimized with the Yoast SEO plugin v27.2 - https:\/\/yoast.com\/product\/yoast-seo-wordpress\/ -->\n<title>Pr\u00f3ximamente | Tiempo de Dios<\/title>\n<meta name=\"robots\" content=\"noindex, follow\" \/>\n<meta property=\"og:locale\" content=\"en_US\" \/>\n<meta property=\"og:type\" content=\"article\" \/>\n<meta property=\"og:title\" content=\"Pr\u00f3ximamente | Tiempo de Dios\" \/>\n<meta property=\"og:description\" content=\"En Construcci\u00f3n&#8230; Qui\u00e9n de ustedes, si quiere edificar una torre, no se sienta primero a calcular los gastos, para ver si tiene con qu\u00e9 terminarla? No sea que, una vez puestos los cimientos, no pueda acabar y todos los que lo vean se r\u00edan de \u00e9l, diciendo:\u00a0 \u00abEste comenz\u00f3 a edificar y no pudo terminar\u00bb. [&hellip;]\" \/>\n<meta property=\"og:url\" content=\"https:\/\/tiempodedios.mx\/en\/proximamente\/\" \/>\n<meta property=\"og:site_name\" content=\"Tiempo de Dios\" \/>\n<meta property=\"article:modified_time\" content=\"2026-04-04T20:25:42+00:00\" \/>\n<meta name=\"twitter:card\" content=\"summary_large_image\" \/>\n<meta name=\"twitter:label1\" content=\"Est. reading time\" \/>\n\t<meta name=\"twitter:data1\" content=\"1 minute\" \/>\n<script type=\"application\/ld+json\" class=\"yoast-schema-graph\">{\"@context\":\"https:\/\/schema.org\",\"@graph\":[{\"@type\":\"WebPage\",\"@id\":\"https:\/\/tiempodedios.mx\/proximamente\/\",\"url\":\"https:\/\/tiempodedios.mx\/proximamente\/\",\"name\":\"Pr\u00f3ximamente | Tiempo de Dios\",\"isPartOf\":{\"@id\":\"https:\/\/tiempodedios.mx\/#website\"},\"datePublished\":\"2025-11-13T20:19:28+00:00\",\"dateModified\":\"2026-04-04T20:25:42+00:00\",\"breadcrumb\":{\"@id\":\"https:\/\/tiempodedios.mx\/proximamente\/#breadcrumb\"},\"inLanguage\":\"en-US\",\"potentialAction\":[{\"@type\":\"ReadAction\",\"target\":[\"https:\/\/tiempodedios.mx\/proximamente\/\"]}]},{\"@type\":\"BreadcrumbList\",\"@id\":\"https:\/\/tiempodedios.mx\/proximamente\/#breadcrumb\",\"itemListElement\":[{\"@type\":\"ListItem\",\"position\":1,\"name\":\"Portada\",\"item\":\"https:\/\/tiempodedios.mx\/\"},{\"@type\":\"ListItem\",\"position\":2,\"name\":\"Pr\u00f3ximamente\"}]},{\"@type\":\"WebSite\",\"@id\":\"https:\/\/tiempodedios.mx\/#website\",\"url\":\"https:\/\/tiempodedios.mx\/\",\"name\":\"Tiempo de Dios\",\"description\":\"Sitio oficial del colectivo cat\u00f3lico tiempo de dios\",\"potentialAction\":[{\"@type\":\"SearchAction\",\"target\":{\"@type\":\"EntryPoint\",\"urlTemplate\":\"https:\/\/tiempodedios.mx\/?s={search_term_string}\"},\"query-input\":{\"@type\":\"PropertyValueSpecification\",\"valueRequired\":true,\"valueName\":\"search_term_string\"}}],\"inLanguage\":\"en-US\"}]}<\/script>\n<!-- \/ Yoast SEO plugin. -->","yoast_head_json":{"title":"Pr\u00f3ximamente | Tiempo de Dios","robots":{"index":"noindex","follow":"follow"},"og_locale":"en_US","og_type":"article","og_title":"Pr\u00f3ximamente | Tiempo de Dios","og_description":"En Construcci\u00f3n&#8230; Qui\u00e9n de ustedes, si quiere edificar una torre, no se sienta primero a calcular los gastos, para ver si tiene con qu\u00e9 terminarla? No sea que, una vez puestos los cimientos, no pueda acabar y todos los que lo vean se r\u00edan de \u00e9l, diciendo:\u00a0 \u00abEste comenz\u00f3 a edificar y no pudo terminar\u00bb. [&hellip;]","og_url":"https:\/\/tiempodedios.mx\/en\/proximamente\/","og_site_name":"Tiempo de Dios","article_modified_time":"2026-04-04T20:25:42+00:00","twitter_card":"summary_large_image","twitter_misc":{"Est. reading time":"1 minute"},"schema":{"@context":"https:\/\/schema.org","@graph":[{"@type":"WebPage","@id":"https:\/\/tiempodedios.mx\/proximamente\/","url":"https:\/\/tiempodedios.mx\/proximamente\/","name":"Pr\u00f3ximamente | Tiempo de Dios","isPartOf":{"@id":"https:\/\/tiempodedios.mx\/#website"},"datePublished":"2025-11-13T20:19:28+00:00","dateModified":"2026-04-04T20:25:42+00:00","breadcrumb":{"@id":"https:\/\/tiempodedios.mx\/proximamente\/#breadcrumb"},"inLanguage":"en-US","potentialAction":[{"@type":"ReadAction","target":["https:\/\/tiempodedios.mx\/proximamente\/"]}]},{"@type":"BreadcrumbList","@id":"https:\/\/tiempodedios.mx\/proximamente\/#breadcrumb","itemListElement":[{"@type":"ListItem","position":1,"name":"Portada","item":"https:\/\/tiempodedios.mx\/"},{"@type":"ListItem","position":2,"name":"Pr\u00f3ximamente"}]},{"@type":"WebSite","@id":"https:\/\/tiempodedios.mx\/#website","url":"https:\/\/tiempodedios.mx\/","name":"Tiempo de Dios","description":"Sitio oficial del colectivo cat\u00f3lico tiempo de dios","potentialAction":[{"@type":"SearchAction","target":{"@type":"EntryPoint","urlTemplate":"https:\/\/tiempodedios.mx\/?s={search_term_string}"},"query-input":{"@type":"PropertyValueSpecification","valueRequired":true,"valueName":"search_term_string"}}],"inLanguage":"en-US"}]}},"_links":{"self":[{"href":"https:\/\/tiempodedios.mx\/en\/wp-json\/wp\/v2\/pages\/1202","targetHints":{"allow":["GET"]}}],"collection":[{"href":"https:\/\/tiempodedios.mx\/en\/wp-json\/wp\/v2\/pages"}],"about":[{"href":"https:\/\/tiempodedios.mx\/en\/wp-json\/wp\/v2\/types\/page"}],"author":[{"embeddable":true,"href":"https:\/\/tiempodedios.mx\/en\/wp-json\/wp\/v2\/users\/4"}],"replies":[{"embeddable":true,"href":"https:\/\/tiempodedios.mx\/en\/wp-json\/wp\/v2\/comments?post=1202"}],"version-history":[{"count":31,"href":"https:\/\/tiempodedios.mx\/en\/wp-json\/wp\/v2\/pages\/1202\/revisions"}],"predecessor-version":[{"id":1499,"href":"https:\/\/tiempodedios.mx\/en\/wp-json\/wp\/v2\/pages\/1202\/revisions\/1499"}],"wp:attachment":[{"href":"https:\/\/tiempodedios.mx\/en\/wp-json\/wp\/v2\/media?parent=1202"}],"curies":[{"name":"wp","href":"https:\/\/api.w.org\/{rel}","templated":true}]}}