{"id":1311,"date":"2026-03-09T12:42:55","date_gmt":"2026-03-09T17:42:55","guid":{"rendered":"https:\/\/tiempodedios.mx\/?page_id=1311"},"modified":"2026-04-04T15:24:23","modified_gmt":"2026-04-04T20:24:23","slug":"donativos","status":"publish","type":"page","link":"https:\/\/tiempodedios.mx\/en\/donativos\/","title":{"rendered":"Donativos"},"content":{"rendered":"<div data-elementor-type=\"wp-page\" data-elementor-id=\"1311\" class=\"elementor elementor-1311\" data-elementor-post-type=\"page\">\n\t\t\t\t\t\t<section class=\"elementor-section elementor-top-section elementor-element elementor-element-6e5b789 elementor-section-boxed elementor-section-height-default elementor-section-height-default\" data-id=\"6e5b789\" data-element_type=\"section\" data-e-type=\"section\">\n\t\t\t\t\t\t<div class=\"elementor-container elementor-column-gap-default\">\n\t\t\t\t\t<div class=\"elementor-column elementor-col-100 elementor-top-column elementor-element elementor-element-1a73220\" data-id=\"1a73220\" data-element_type=\"column\" data-e-type=\"column\">\n\t\t\t<div class=\"elementor-widget-wrap elementor-element-populated\">\n\t\t\t\t\t\t<div class=\"elementor-element elementor-element-3af5606 elementor-widget elementor-widget-spacer\" data-id=\"3af5606\" data-element_type=\"widget\" data-e-type=\"widget\" data-widget_type=\"spacer.default\">\n\t\t\t\t<div class=\"elementor-widget-container\">\n\t\t\t\t\t\t\t<div class=\"elementor-spacer\">\n\t\t\t<div class=\"elementor-spacer-inner\"><\/div>\n\t\t<\/div>\n\t\t\t\t\t\t<\/div>\n\t\t\t\t<\/div>\n\t\t\t\t\t<\/div>\n\t\t<\/div>\n\t\t\t\t\t<\/div>\n\t\t<\/section>\n\t\t\t\t<section class=\"elementor-section elementor-top-section elementor-element elementor-element-ebcfe89 elementor-section-boxed elementor-section-height-default elementor-section-height-default\" data-id=\"ebcfe89\" data-element_type=\"section\" data-e-type=\"section\">\n\t\t\t\t\t\t<div class=\"elementor-container elementor-column-gap-default\">\n\t\t\t\t\t<div class=\"elementor-column elementor-col-100 elementor-top-column elementor-element elementor-element-183ed46\" data-id=\"183ed46\" data-element_type=\"column\" data-e-type=\"column\">\n\t\t\t<div class=\"elementor-widget-wrap elementor-element-populated\">\n\t\t\t\t\t\t<div class=\"elementor-element elementor-element-cc69c3e elementor-widget elementor-widget-heading\" data-id=\"cc69c3e\" data-element_type=\"widget\" data-e-type=\"widget\" data-widget_type=\"heading.default\">\n\t\t\t\t<div class=\"elementor-widget-container\">\n\t\t\t\t\t<h2 class=\"elementor-heading-title elementor-size-default\">Selecciona un<\/h2>\t\t\t\t<\/div>\n\t\t\t\t<\/div>\n\t\t\t\t<div class=\"elementor-element elementor-element-8a8fd0f elementor-widget elementor-widget-heading\" data-id=\"8a8fd0f\" data-element_type=\"widget\" data-e-type=\"widget\" data-widget_type=\"heading.default\">\n\t\t\t\t<div class=\"elementor-widget-container\">\n\t\t\t\t\t<h2 class=\"elementor-heading-title elementor-size-default\">M\u00e9todo de Donaci\u00f3n<\/h2>\t\t\t\t<\/div>\n\t\t\t\t<\/div>\n\t\t\t\t<section class=\"elementor-section elementor-inner-section elementor-element elementor-element-536997d elementor-section-boxed elementor-section-height-default elementor-section-height-default\" data-id=\"536997d\" data-element_type=\"section\" data-e-type=\"section\">\n\t\t\t\t\t\t<div class=\"elementor-container elementor-column-gap-custom\">\n\t\t\t\t\t<div class=\"make-column-clickable-elementor elementor-column elementor-col-50 elementor-inner-column elementor-element elementor-element-1d7da04\" style=\"cursor: pointer;\" data-column-clickable=\"https:\/\/tiempodedios.mx\/donativos\/suscripciones\/\" data-column-clickable-blank=\"_self\" data-id=\"1d7da04\" data-element_type=\"column\" data-e-type=\"column\" data-settings=\"{&quot;background_background&quot;:&quot;classic&quot;}\">\n\t\t\t<div class=\"elementor-widget-wrap elementor-element-populated\">\n\t\t\t\t\t\t<div class=\"elementor-element elementor-element-76aadb3 elementor-widget elementor-widget-heading\" data-id=\"76aadb3\" data-element_type=\"widget\" data-e-type=\"widget\" data-widget_type=\"heading.default\">\n\t\t\t\t<div class=\"elementor-widget-container\">\n\t\t\t\t\t<h2 class=\"elementor-heading-title elementor-size-default\"><a href=\"https:\/\/tiempodedios.mx\/en\/donativos\/suscripciones\/\">Suscripci\u00f3n Mensual<\/a><\/h2>\t\t\t\t<\/div>\n\t\t\t\t<\/div>\n\t\t\t\t\t<\/div>\n\t\t<\/div>\n\t\t\t\t<div class=\"make-column-clickable-elementor elementor-column elementor-col-50 elementor-inner-column elementor-element elementor-element-b0ab9f7\" style=\"cursor: pointer;\" data-column-clickable=\"https:\/\/donate.stripe.com\/7sY4gz3a5gkc3dGcBwgUM05\" data-column-clickable-blank=\"_blank\" data-id=\"b0ab9f7\" data-element_type=\"column\" data-e-type=\"column\" data-settings=\"{&quot;background_background&quot;:&quot;classic&quot;}\">\n\t\t\t<div class=\"elementor-widget-wrap elementor-element-populated\">\n\t\t\t\t\t\t<div class=\"elementor-element elementor-element-019e9cd elementor-widget elementor-widget-heading\" data-id=\"019e9cd\" data-element_type=\"widget\" data-e-type=\"widget\" data-widget_type=\"heading.default\">\n\t\t\t\t<div class=\"elementor-widget-container\">\n\t\t\t\t\t<h2 class=\"elementor-heading-title elementor-size-default\"><a href=\"https:\/\/donate.stripe.com\/7sY4gz3a5gkc3dGcBwgUM05\" target=\"_blank\">Donaci\u00f3n <br>\u00danica<\/a><\/h2>\t\t\t\t<\/div>\n\t\t\t\t<\/div>\n\t\t\t\t\t<\/div>\n\t\t<\/div>\n\t\t\t\t\t<\/div>\n\t\t<\/section>\n\t\t\t\t\t<\/div>\n\t\t<\/div>\n\t\t\t\t\t<\/div>\n\t\t<\/section>\n\t\t\t\t<section class=\"elementor-section elementor-top-section elementor-element elementor-element-c0280f2 elementor-section-boxed elementor-section-height-default elementor-section-height-default\" data-id=\"c0280f2\" data-element_type=\"section\" data-e-type=\"section\">\n\t\t\t\t\t\t<div class=\"elementor-container elementor-column-gap-default\">\n\t\t\t\t\t<div class=\"elementor-column elementor-col-100 elementor-top-column elementor-element elementor-element-822d8b9\" data-id=\"822d8b9\" data-element_type=\"column\" data-e-type=\"column\">\n\t\t\t<div class=\"elementor-widget-wrap elementor-element-populated\">\n\t\t\t\t\t\t<div class=\"elementor-element elementor-element-7d13048 elementor-widget elementor-widget-spacer\" data-id=\"7d13048\" data-element_type=\"widget\" data-e-type=\"widget\" data-widget_type=\"spacer.default\">\n\t\t\t\t<div class=\"elementor-widget-container\">\n\t\t\t\t\t\t\t<div class=\"elementor-spacer\">\n\t\t\t<div class=\"elementor-spacer-inner\"><\/div>\n\t\t<\/div>\n\t\t\t\t\t\t<\/div>\n\t\t\t\t<\/div>\n\t\t\t\t\t<\/div>\n\t\t<\/div>\n\t\t\t\t\t<\/div>\n\t\t<\/section>\n\t\t\t\t<\/div>","protected":false},"excerpt":{"rendered":"<p>Selecciona un M\u00e9todo de Donaci\u00f3n Suscripci\u00f3n Mensual Donaci\u00f3n \u00danica<\/p>","protected":false},"author":4,"featured_media":1388,"parent":0,"menu_order":0,"comment_status":"closed","ping_status":"closed","template":"","meta":{"footnotes":""},"class_list":["post-1311","page","type-page","status-publish","has-post-thumbnail","hentry"],"yoast_head":"<!-- This site is optimized with the Yoast SEO plugin v27.2 - https:\/\/yoast.com\/product\/yoast-seo-wordpress\/ -->\n<title>Donativos | Tiempo de Dios<\/title>\n<meta name=\"robots\" content=\"index, follow, max-snippet:-1, max-image-preview:large, max-video-preview:-1\" \/>\n<link rel=\"canonical\" href=\"https:\/\/tiempodedios.mx\/en\/donativos\/\" \/>\n<meta property=\"og:locale\" content=\"en_US\" \/>\n<meta property=\"og:type\" content=\"article\" \/>\n<meta property=\"og:title\" content=\"Donativos | Tiempo de Dios\" \/>\n<meta property=\"og:description\" content=\"Selecciona un M\u00e9todo de Donaci\u00f3n Suscripci\u00f3n Mensual Donaci\u00f3n \u00danica\" \/>\n<meta property=\"og:url\" content=\"https:\/\/tiempodedios.mx\/en\/donativos\/\" \/>\n<meta property=\"og:site_name\" content=\"Tiempo de Dios\" \/>\n<meta property=\"article:modified_time\" content=\"2026-04-04T20:24:23+00:00\" \/>\n<meta property=\"og:image\" content=\"https:\/\/tiempodedios.mx\/wp-content\/uploads\/2026\/03\/Tiempo-De-Dios-Logo-Square.jpeg\" \/>\n\t<meta property=\"og:image:width\" content=\"500\" \/>\n\t<meta property=\"og:image:height\" content=\"500\" \/>\n\t<meta property=\"og:image:type\" content=\"image\/jpeg\" \/>\n<meta name=\"twitter:card\" content=\"summary_large_image\" \/>\n<meta name=\"twitter:label1\" content=\"Est. reading time\" \/>\n\t<meta name=\"twitter:data1\" content=\"1 minute\" \/>\n<script type=\"application\/ld+json\" class=\"yoast-schema-graph\">{\"@context\":\"https:\/\/schema.org\",\"@graph\":[{\"@type\":\"WebPage\",\"@id\":\"https:\/\/tiempodedios.mx\/donativos\/\",\"url\":\"https:\/\/tiempodedios.mx\/donativos\/\",\"name\":\"Donativos | Tiempo de Dios\",\"isPartOf\":{\"@id\":\"https:\/\/tiempodedios.mx\/#website\"},\"primaryImageOfPage\":{\"@id\":\"https:\/\/tiempodedios.mx\/donativos\/#primaryimage\"},\"image\":{\"@id\":\"https:\/\/tiempodedios.mx\/donativos\/#primaryimage\"},\"thumbnailUrl\":\"https:\/\/tiempodedios.mx\/wp-content\/uploads\/2026\/03\/Tiempo-De-Dios-Logo-Square.jpeg\",\"datePublished\":\"2026-03-09T17:42:55+00:00\",\"dateModified\":\"2026-04-04T20:24:23+00:00\",\"breadcrumb\":{\"@id\":\"https:\/\/tiempodedios.mx\/donativos\/#breadcrumb\"},\"inLanguage\":\"en-US\",\"potentialAction\":[{\"@type\":\"ReadAction\",\"target\":[\"https:\/\/tiempodedios.mx\/donativos\/\"]}]},{\"@type\":\"ImageObject\",\"inLanguage\":\"en-US\",\"@id\":\"https:\/\/tiempodedios.mx\/donativos\/#primaryimage\",\"url\":\"https:\/\/tiempodedios.mx\/wp-content\/uploads\/2026\/03\/Tiempo-De-Dios-Logo-Square.jpeg\",\"contentUrl\":\"https:\/\/tiempodedios.mx\/wp-content\/uploads\/2026\/03\/Tiempo-De-Dios-Logo-Square.jpeg\",\"width\":500,\"height\":500},{\"@type\":\"BreadcrumbList\",\"@id\":\"https:\/\/tiempodedios.mx\/donativos\/#breadcrumb\",\"itemListElement\":[{\"@type\":\"ListItem\",\"position\":1,\"name\":\"Portada\",\"item\":\"https:\/\/tiempodedios.mx\/\"},{\"@type\":\"ListItem\",\"position\":2,\"name\":\"Donativos\"}]},{\"@type\":\"WebSite\",\"@id\":\"https:\/\/tiempodedios.mx\/#website\",\"url\":\"https:\/\/tiempodedios.mx\/\",\"name\":\"Tiempo de Dios\",\"description\":\"Sitio oficial del colectivo cat\u00f3lico tiempo de dios\",\"potentialAction\":[{\"@type\":\"SearchAction\",\"target\":{\"@type\":\"EntryPoint\",\"urlTemplate\":\"https:\/\/tiempodedios.mx\/?s={search_term_string}\"},\"query-input\":{\"@type\":\"PropertyValueSpecification\",\"valueRequired\":true,\"valueName\":\"search_term_string\"}}],\"inLanguage\":\"en-US\"}]}<\/script>\n<!-- \/ Yoast SEO plugin. -->","yoast_head_json":{"title":"Donativos | Tiempo de Dios","robots":{"index":"index","follow":"follow","max-snippet":"max-snippet:-1","max-image-preview":"max-image-preview:large","max-video-preview":"max-video-preview:-1"},"canonical":"https:\/\/tiempodedios.mx\/en\/donativos\/","og_locale":"en_US","og_type":"article","og_title":"Donativos | Tiempo de Dios","og_description":"Selecciona un M\u00e9todo de Donaci\u00f3n Suscripci\u00f3n Mensual Donaci\u00f3n \u00danica","og_url":"https:\/\/tiempodedios.mx\/en\/donativos\/","og_site_name":"Tiempo de Dios","article_modified_time":"2026-04-04T20:24:23+00:00","og_image":[{"width":500,"height":500,"url":"https:\/\/tiempodedios.mx\/wp-content\/uploads\/2026\/03\/Tiempo-De-Dios-Logo-Square.jpeg","type":"image\/jpeg"}],"twitter_card":"summary_large_image","twitter_misc":{"Est. reading time":"1 minute"},"schema":{"@context":"https:\/\/schema.org","@graph":[{"@type":"WebPage","@id":"https:\/\/tiempodedios.mx\/donativos\/","url":"https:\/\/tiempodedios.mx\/donativos\/","name":"Donativos | Tiempo de Dios","isPartOf":{"@id":"https:\/\/tiempodedios.mx\/#website"},"primaryImageOfPage":{"@id":"https:\/\/tiempodedios.mx\/donativos\/#primaryimage"},"image":{"@id":"https:\/\/tiempodedios.mx\/donativos\/#primaryimage"},"thumbnailUrl":"https:\/\/tiempodedios.mx\/wp-content\/uploads\/2026\/03\/Tiempo-De-Dios-Logo-Square.jpeg","datePublished":"2026-03-09T17:42:55+00:00","dateModified":"2026-04-04T20:24:23+00:00","breadcrumb":{"@id":"https:\/\/tiempodedios.mx\/donativos\/#breadcrumb"},"inLanguage":"en-US","potentialAction":[{"@type":"ReadAction","target":["https:\/\/tiempodedios.mx\/donativos\/"]}]},{"@type":"ImageObject","inLanguage":"en-US","@id":"https:\/\/tiempodedios.mx\/donativos\/#primaryimage","url":"https:\/\/tiempodedios.mx\/wp-content\/uploads\/2026\/03\/Tiempo-De-Dios-Logo-Square.jpeg","contentUrl":"https:\/\/tiempodedios.mx\/wp-content\/uploads\/2026\/03\/Tiempo-De-Dios-Logo-Square.jpeg","width":500,"height":500},{"@type":"BreadcrumbList","@id":"https:\/\/tiempodedios.mx\/donativos\/#breadcrumb","itemListElement":[{"@type":"ListItem","position":1,"name":"Portada","item":"https:\/\/tiempodedios.mx\/"},{"@type":"ListItem","position":2,"name":"Donativos"}]},{"@type":"WebSite","@id":"https:\/\/tiempodedios.mx\/#website","url":"https:\/\/tiempodedios.mx\/","name":"Tiempo de Dios","description":"Sitio oficial del colectivo cat\u00f3lico tiempo de dios","potentialAction":[{"@type":"SearchAction","target":{"@type":"EntryPoint","urlTemplate":"https:\/\/tiempodedios.mx\/?s={search_term_string}"},"query-input":{"@type":"PropertyValueSpecification","valueRequired":true,"valueName":"search_term_string"}}],"inLanguage":"en-US"}]}},"_links":{"self":[{"href":"https:\/\/tiempodedios.mx\/en\/wp-json\/wp\/v2\/pages\/1311","targetHints":{"allow":["GET"]}}],"collection":[{"href":"https:\/\/tiempodedios.mx\/en\/wp-json\/wp\/v2\/pages"}],"about":[{"href":"https:\/\/tiempodedios.mx\/en\/wp-json\/wp\/v2\/types\/page"}],"author":[{"embeddable":true,"href":"https:\/\/tiempodedios.mx\/en\/wp-json\/wp\/v2\/users\/4"}],"replies":[{"embeddable":true,"href":"https:\/\/tiempodedios.mx\/en\/wp-json\/wp\/v2\/comments?post=1311"}],"version-history":[{"count":40,"href":"https:\/\/tiempodedios.mx\/en\/wp-json\/wp\/v2\/pages\/1311\/revisions"}],"predecessor-version":[{"id":1496,"href":"https:\/\/tiempodedios.mx\/en\/wp-json\/wp\/v2\/pages\/1311\/revisions\/1496"}],"wp:featuredmedia":[{"embeddable":true,"href":"https:\/\/tiempodedios.mx\/en\/wp-json\/wp\/v2\/media\/1388"}],"wp:attachment":[{"href":"https:\/\/tiempodedios.mx\/en\/wp-json\/wp\/v2\/media?parent=1311"}],"curies":[{"name":"wp","href":"https:\/\/api.w.org\/{rel}","templated":true}]}}