{"id":1390,"date":"2026-03-17T09:36:31","date_gmt":"2026-03-17T14:36:31","guid":{"rendered":"https:\/\/tiempodedios.mx\/?page_id=1390"},"modified":"2026-04-04T15:22:51","modified_gmt":"2026-04-04T20:22:51","slug":"eleva-tu-musica","status":"publish","type":"page","link":"https:\/\/tiempodedios.mx\/en\/eleva-tu-musica\/","title":{"rendered":"Eleva Tu M\u00fasica"},"content":{"rendered":"\t\t<div data-elementor-type=\"wp-page\" data-elementor-id=\"1390\" class=\"elementor elementor-1390\" data-elementor-post-type=\"page\">\n\t\t\t\t\t\t<section class=\"elementor-section elementor-top-section elementor-element elementor-element-a95998d elementor-section-boxed elementor-section-height-default elementor-section-height-default\" data-id=\"a95998d\" data-element_type=\"section\" data-e-type=\"section\" data-settings=\"{&quot;background_background&quot;:&quot;classic&quot;}\">\n\t\t\t\t\t\t<div class=\"elementor-container elementor-column-gap-default\">\n\t\t\t\t\t<div class=\"elementor-column elementor-col-100 elementor-top-column elementor-element elementor-element-6cedc38\" data-id=\"6cedc38\" data-element_type=\"column\" data-e-type=\"column\" data-settings=\"{&quot;background_background&quot;:&quot;classic&quot;}\">\n\t\t\t<div class=\"elementor-widget-wrap elementor-element-populated\">\n\t\t\t\t\t\t<div class=\"elementor-element elementor-element-23890bf elementor-widget elementor-widget-shortcode\" data-id=\"23890bf\" data-element_type=\"widget\" data-e-type=\"widget\" data-widget_type=\"shortcode.default\">\n\t\t\t\t<div class=\"elementor-widget-container\">\n\t\t\t\t\t\t\t<div class=\"elementor-shortcode\"><script>\r\nwindow.addEventListener('load', function () {\r\n\r\n  function initOtroToggle() {\r\n    const checkboxOtro = document.querySelector('input#form-field-pregunta3-7[type=\"checkbox\"]');\r\n    const campoPreguntaAd = document.querySelector('.elementor-field-group-preguntaad');\r\n\r\n    if (!checkboxOtro || !campoPreguntaAd) return;\r\n\r\n    function toggleCampo() {\r\n      campoPreguntaAd.style.display = checkboxOtro.checked ? 'block' : 'none';\r\n    }\r\n\r\n    checkboxOtro.addEventListener('change', toggleCampo);\r\n    toggleCampo();\r\n  }\r\n\r\n  setTimeout(initOtroToggle, 800);\r\n});\r\n<\/script><\/div>\n\t\t\t\t\t\t<\/div>\n\t\t\t\t<\/div>\n\t\t\t\t<div class=\"elementor-element elementor-element-189b500 elementor-widget elementor-widget-heading\" data-id=\"189b500\" data-element_type=\"widget\" data-e-type=\"widget\" data-widget_type=\"heading.default\">\n\t\t\t\t<div class=\"elementor-widget-container\">\n\t\t\t\t\t<h2 class=\"elementor-heading-title elementor-size-default\">Formulario de Inter\u00e9s<\/h2>\t\t\t\t<\/div>\n\t\t\t\t<\/div>\n\t\t\t\t<div class=\"elementor-element elementor-element-80d91b2 elementor-widget elementor-widget-heading\" data-id=\"80d91b2\" data-element_type=\"widget\" data-e-type=\"widget\" data-widget_type=\"heading.default\">\n\t\t\t\t<div class=\"elementor-widget-container\">\n\t\t\t\t\t<h2 class=\"elementor-heading-title elementor-size-default\">ETM 2026<\/h2>\t\t\t\t<\/div>\n\t\t\t\t<\/div>\n\t\t\t\t<div class=\"elementor-element elementor-element-629731d elementor-widget elementor-widget-heading\" data-id=\"629731d\" data-element_type=\"widget\" data-e-type=\"widget\" data-widget_type=\"heading.default\">\n\t\t\t\t<div class=\"elementor-widget-container\">\n\t\t\t\t\t<h2 class=\"elementor-heading-title elementor-size-default\">3-6 Septiembre<\/h2>\t\t\t\t<\/div>\n\t\t\t\t<\/div>\n\t\t\t\t<div class=\"elementor-element elementor-element-b02b627 elementor-button-align-stretch elementor-widget elementor-widget-form\" data-id=\"b02b627\" data-element_type=\"widget\" data-e-type=\"widget\" data-settings=\"{&quot;step_next_label&quot;:&quot;Siguiente&quot;,&quot;step_previous_label&quot;:&quot;Anterior&quot;,&quot;button_width&quot;:&quot;100&quot;,&quot;step_type&quot;:&quot;number_text&quot;,&quot;step_icon_shape&quot;:&quot;circle&quot;}\" data-widget_type=\"form.default\">\n\t\t\t\t<div class=\"elementor-widget-container\">\n\t\t\t\t\t\t\t<form class=\"elementor-form\" method=\"post\" name=\"Nuevo formulario\" aria-label=\"Nuevo formulario\">\n\t\t\t<input type=\"hidden\" name=\"post_id\" value=\"1390\"\/>\n\t\t\t<input type=\"hidden\" name=\"form_id\" value=\"b02b627\"\/>\n\t\t\t<input type=\"hidden\" name=\"referer_title\" value=\"Eleva Tu M\u00fasica | Tiempo de Dios\" \/>\n\n\t\t\t\t\t\t\t<input type=\"hidden\" name=\"queried_id\" value=\"1390\"\/>\n\t\t\t\n\t\t\t<div class=\"elementor-form-fields-wrapper elementor-labels-above\">\n\t\t\t\t\t\t\t\t<div class=\"elementor-field-type-text elementor-field-group elementor-column elementor-field-group-nombre elementor-col-50 elementor-field-required elementor-mark-required\">\n\t\t\t\t\t\t\t\t\t\t\t\t<label for=\"form-field-nombre\" class=\"elementor-field-label\">\n\t\t\t\t\t\t\t\tNombre\t\t\t\t\t\t\t<\/label>\n\t\t\t\t\t\t\t\t\t\t\t\t\t\t<input size=\"1\" type=\"text\" name=\"form_fields[nombre]\" id=\"form-field-nombre\" class=\"elementor-field elementor-size-sm  elementor-field-textual\" placeholder=\"Nombre\" required=\"required\">\n\t\t\t\t\t\t\t\t\t\t\t<\/div>\n\t\t\t\t\t\t\t\t<div class=\"elementor-field-type-text elementor-field-group elementor-column elementor-field-group-apellido elementor-col-50 elementor-field-required elementor-mark-required\">\n\t\t\t\t\t\t\t\t\t\t\t\t<label for=\"form-field-apellido\" class=\"elementor-field-label\">\n\t\t\t\t\t\t\t\tApellido\t\t\t\t\t\t\t<\/label>\n\t\t\t\t\t\t\t\t\t\t\t\t\t\t<input size=\"1\" type=\"text\" name=\"form_fields[apellido]\" id=\"form-field-apellido\" class=\"elementor-field elementor-size-sm  elementor-field-textual\" placeholder=\"Apellido\" required=\"required\">\n\t\t\t\t\t\t\t\t\t\t\t<\/div>\n\t\t\t\t\t\t\t\t<div class=\"elementor-field-type-tel elementor-field-group elementor-column elementor-field-group-telefono elementor-col-100 elementor-field-required elementor-mark-required\">\n\t\t\t\t\t\t\t\t\t\t\t\t<label for=\"form-field-telefono\" class=\"elementor-field-label\">\n\t\t\t\t\t\t\t\tTel\u00e9fono\t\t\t\t\t\t\t<\/label>\n\t\t\t\t\t\t\t\t<input size=\"1\" type=\"tel\" name=\"form_fields[telefono]\" id=\"form-field-telefono\" class=\"elementor-field elementor-size-sm  elementor-field-textual\" placeholder=\"Tel\u00e9fono\" required=\"required\" pattern=\"[0-9()#&amp;+*-=.]+\" title=\"Solo se aceptan n\u00fameros y caracteres de tel\u00e9fono (#,-,*,etc).\">\n\n\t\t\t\t\t\t<\/div>\n\t\t\t\t\t\t\t\t<div class=\"elementor-field-type-text elementor-field-group elementor-column elementor-field-group-pregunta1 elementor-col-100 elementor-field-required elementor-mark-required\">\n\t\t\t\t\t\t\t\t\t\t\t\t<label for=\"form-field-pregunta1\" class=\"elementor-field-label\">\n\t\t\t\t\t\t\t\t\u2060\u00bfDe qu\u00e9 parroquia, comunidad o ministerio de m\u00fasica formas parte?\t\t\t\t\t\t\t<\/label>\n\t\t\t\t\t\t\t\t\t\t\t\t\t\t<input size=\"1\" type=\"text\" name=\"form_fields[pregunta1]\" id=\"form-field-pregunta1\" class=\"elementor-field elementor-size-sm  elementor-field-textual\" placeholder=\"Escribe Aqu\u00ed\" required=\"required\">\n\t\t\t\t\t\t\t\t\t\t\t<\/div>\n\t\t\t\t\t\t\t\t<div class=\"elementor-field-type-radio elementor-field-group elementor-column elementor-field-group-pregunta2 elementor-col-100 elementor-field-required elementor-mark-required\">\n\t\t\t\t\t\t\t\t\t\t\t\t<label for=\"form-field-pregunta2\" class=\"elementor-field-label\">\n\t\t\t\t\t\t\t\t\u2060\u00bfHas asistido antes a Eleva Tu M\u00fasica?\t\t\t\t\t\t\t<\/label>\n\t\t\t\t\t\t<div class=\"elementor-field-subgroup  \"><span class=\"elementor-field-option\"><input type=\"radio\" value=\"S\u00ed, he asistido a uno o m\u00e1s \" id=\"form-field-pregunta2-0\" name=\"form_fields[pregunta2]\" required=\"required\"> <label for=\"form-field-pregunta2-0\">S\u00ed, he asistido a uno o m\u00e1s <\/label><\/span><span class=\"elementor-field-option\"><input type=\"radio\" value=\"No, ser\u00eda mi primera vez\" id=\"form-field-pregunta2-1\" name=\"form_fields[pregunta2]\" required=\"required\"> <label for=\"form-field-pregunta2-1\">No, ser\u00eda mi primera vez<\/label><\/span><\/div>\t\t\t\t<\/div>\n\t\t\t\t\t\t\t\t<div class=\"elementor-field-type-checkbox elementor-field-group elementor-column elementor-field-group-pregunta3 elementor-col-100\">\n\t\t\t\t\t\t\t\t\t\t\t\t<label for=\"form-field-pregunta3\" class=\"elementor-field-label\">\n\t\t\t\t\t\t\t\t\u00bfQu\u00e9 instrumento(s) tocas o en qu\u00e9 \u00e1rea sirves dentro del ministerio de m\u00fasica?\t\t\t\t\t\t\t<\/label>\n\t\t\t\t\t\t<div class=\"elementor-field-subgroup  \"><span class=\"elementor-field-option\"><input type=\"checkbox\" value=\"Voz\" id=\"form-field-pregunta3-0\" name=\"form_fields[pregunta3][]\"> <label for=\"form-field-pregunta3-0\">Voz<\/label><\/span><span class=\"elementor-field-option\"><input type=\"checkbox\" value=\"Guitarra\" id=\"form-field-pregunta3-1\" name=\"form_fields[pregunta3][]\"> <label for=\"form-field-pregunta3-1\">Guitarra<\/label><\/span><span class=\"elementor-field-option\"><input type=\"checkbox\" value=\"Piano \/ Teclado\" id=\"form-field-pregunta3-2\" name=\"form_fields[pregunta3][]\"> <label for=\"form-field-pregunta3-2\">Piano \/ Teclado<\/label><\/span><span class=\"elementor-field-option\"><input type=\"checkbox\" value=\"Bajo\" id=\"form-field-pregunta3-3\" name=\"form_fields[pregunta3][]\"> <label for=\"form-field-pregunta3-3\">Bajo<\/label><\/span><span class=\"elementor-field-option\"><input type=\"checkbox\" value=\"Bater\u00eda \/ Percusi\u00f3n\" id=\"form-field-pregunta3-4\" name=\"form_fields[pregunta3][]\"> <label for=\"form-field-pregunta3-4\">Bater\u00eda \/ Percusi\u00f3n<\/label><\/span><span class=\"elementor-field-option\"><input type=\"checkbox\" value=\"Direcci\u00f3n musical\" id=\"form-field-pregunta3-5\" name=\"form_fields[pregunta3][]\"> <label for=\"form-field-pregunta3-5\">Direcci\u00f3n musical<\/label><\/span><span class=\"elementor-field-option\"><input type=\"checkbox\" value=\"Audio \/ Sonido\" id=\"form-field-pregunta3-6\" name=\"form_fields[pregunta3][]\"> <label for=\"form-field-pregunta3-6\">Audio \/ Sonido<\/label><\/span><span class=\"elementor-field-option\"><input type=\"checkbox\" value=\"Otro\" id=\"form-field-pregunta3-7\" name=\"form_fields[pregunta3][]\"> <label for=\"form-field-pregunta3-7\">Otro<\/label><\/span><\/div>\t\t\t\t<\/div>\n\t\t\t\t\t\t\t\t<div class=\"elementor-field-type-text elementor-field-group elementor-column elementor-field-group-preguntaad elementor-col-100\">\n\t\t\t\t\t\t\t\t\t\t\t\t<label for=\"form-field-preguntaad\" class=\"elementor-field-label\">\n\t\t\t\t\t\t\t\tSi seleccionaste \"otro\", \u00bfqu\u00e9 instrumento tocas o en qu\u00e9 \u00e1rea sirves?\t\t\t\t\t\t\t<\/label>\n\t\t\t\t\t\t\t\t\t\t\t\t\t\t<input size=\"1\" type=\"text\" name=\"form_fields[preguntaad]\" id=\"form-field-preguntaad\" class=\"elementor-field elementor-size-sm  elementor-field-textual\" placeholder=\"Viol\u00edn, Cello, Stage Manager, etc.\">\n\t\t\t\t\t\t\t\t\t\t\t<\/div>\n\t\t\t\t\t\t\t\t<div class=\"elementor-field-type-radio elementor-field-group elementor-column elementor-field-group-pregunta4 elementor-col-100 elementor-field-required elementor-mark-required\">\n\t\t\t\t\t\t\t\t\t\t\t\t<label for=\"form-field-pregunta4\" class=\"elementor-field-label\">\n\t\t\t\t\t\t\t\tPara el Eleva Tu M\u00fasica 2026 \u00bfcu\u00e1l es tu disponibilidad actual?\t\t\t\t\t\t\t<\/label>\n\t\t\t\t\t\t<div class=\"elementor-field-subgroup  \"><span class=\"elementor-field-option\"><input type=\"radio\" value=\"S\u00ed puedo, ya apart\u00e9 la fecha\" id=\"form-field-pregunta4-0\" name=\"form_fields[pregunta4]\" required=\"required\"> <label for=\"form-field-pregunta4-0\">S\u00ed puedo, ya apart\u00e9 la fecha<\/label><\/span><span class=\"elementor-field-option\"><input type=\"radio\" value=\"Probablemente s\u00ed, pero necesito confirmar\" id=\"form-field-pregunta4-1\" name=\"form_fields[pregunta4]\" required=\"required\"> <label for=\"form-field-pregunta4-1\">Probablemente s\u00ed, pero necesito confirmar<\/label><\/span><span class=\"elementor-field-option\"><input type=\"radio\" value=\"A\u00fan no estoy seguro\" id=\"form-field-pregunta4-2\" name=\"form_fields[pregunta4]\" required=\"required\"> <label for=\"form-field-pregunta4-2\">A\u00fan no estoy seguro<\/label><\/span><span class=\"elementor-field-option\"><input type=\"radio\" value=\"No podr\u00eda asistir\" id=\"form-field-pregunta4-3\" name=\"form_fields[pregunta4]\" required=\"required\"> <label for=\"form-field-pregunta4-3\">No podr\u00eda asistir<\/label><\/span><\/div>\t\t\t\t<\/div>\n\t\t\t\t\t\t\t\t<div class=\"elementor-field-group elementor-column elementor-field-type-submit elementor-col-100 e-form__buttons\">\n\t\t\t\t\t<button class=\"elementor-button elementor-size-sm\" type=\"submit\">\n\t\t\t\t\t\t<span class=\"elementor-button-content-wrapper\">\n\t\t\t\t\t\t\t\t\t\t\t\t\t\t\t\t\t\t\t\t\t\t<span class=\"elementor-button-text\">Enviar<\/span>\n\t\t\t\t\t\t\t\t\t\t\t\t\t<\/span>\n\t\t\t\t\t<\/button>\n\t\t\t\t<\/div>\n\t\t\t<\/div>\n\t\t<\/form>\n\t\t\t\t\t\t<\/div>\n\t\t\t\t<\/div>\n\t\t\t\t\t<\/div>\n\t\t<\/div>\n\t\t\t\t\t<\/div>\n\t\t<\/section>\n\t\t\t\t<\/div>\n\t\t","protected":false},"excerpt":{"rendered":"<p>Formulario de Inter\u00e9s ETM 2026 3-6 Septiembre<\/p>","protected":false},"author":4,"featured_media":0,"parent":0,"menu_order":0,"comment_status":"closed","ping_status":"closed","template":"","meta":{"footnotes":""},"class_list":["post-1390","page","type-page","status-publish","hentry"],"yoast_head":"<!-- This site is optimized with the Yoast SEO plugin v27.2 - https:\/\/yoast.com\/product\/yoast-seo-wordpress\/ -->\n<title>Eleva Tu M\u00fasica | Tiempo de Dios<\/title>\n<meta name=\"robots\" content=\"index, follow, max-snippet:-1, max-image-preview:large, max-video-preview:-1\" \/>\n<link rel=\"canonical\" href=\"https:\/\/tiempodedios.mx\/en\/eleva-tu-musica\/\" \/>\n<meta property=\"og:locale\" content=\"en_US\" \/>\n<meta property=\"og:type\" content=\"article\" \/>\n<meta property=\"og:title\" content=\"Eleva Tu M\u00fasica | Tiempo de Dios\" \/>\n<meta property=\"og:description\" content=\"Formulario de Inter\u00e9s ETM 2026 3-6 Septiembre\" \/>\n<meta property=\"og:url\" content=\"https:\/\/tiempodedios.mx\/en\/eleva-tu-musica\/\" \/>\n<meta property=\"og:site_name\" content=\"Tiempo de Dios\" \/>\n<meta property=\"article:modified_time\" content=\"2026-04-04T20:22:51+00:00\" \/>\n<meta name=\"twitter:card\" content=\"summary_large_image\" \/>\n<meta name=\"twitter:label1\" content=\"Est. reading time\" \/>\n\t<meta name=\"twitter:data1\" content=\"1 minute\" \/>\n<script type=\"application\/ld+json\" class=\"yoast-schema-graph\">{\"@context\":\"https:\/\/schema.org\",\"@graph\":[{\"@type\":\"WebPage\",\"@id\":\"https:\/\/tiempodedios.mx\/eleva-tu-musica\/\",\"url\":\"https:\/\/tiempodedios.mx\/eleva-tu-musica\/\",\"name\":\"Eleva Tu M\u00fasica | Tiempo de Dios\",\"isPartOf\":{\"@id\":\"https:\/\/tiempodedios.mx\/#website\"},\"datePublished\":\"2026-03-17T14:36:31+00:00\",\"dateModified\":\"2026-04-04T20:22:51+00:00\",\"breadcrumb\":{\"@id\":\"https:\/\/tiempodedios.mx\/eleva-tu-musica\/#breadcrumb\"},\"inLanguage\":\"en-US\",\"potentialAction\":[{\"@type\":\"ReadAction\",\"target\":[\"https:\/\/tiempodedios.mx\/eleva-tu-musica\/\"]}]},{\"@type\":\"BreadcrumbList\",\"@id\":\"https:\/\/tiempodedios.mx\/eleva-tu-musica\/#breadcrumb\",\"itemListElement\":[{\"@type\":\"ListItem\",\"position\":1,\"name\":\"Portada\",\"item\":\"https:\/\/tiempodedios.mx\/\"},{\"@type\":\"ListItem\",\"position\":2,\"name\":\"Eleva Tu M\u00fasica\"}]},{\"@type\":\"WebSite\",\"@id\":\"https:\/\/tiempodedios.mx\/#website\",\"url\":\"https:\/\/tiempodedios.mx\/\",\"name\":\"Tiempo de Dios\",\"description\":\"Sitio oficial del colectivo cat\u00f3lico tiempo de dios\",\"potentialAction\":[{\"@type\":\"SearchAction\",\"target\":{\"@type\":\"EntryPoint\",\"urlTemplate\":\"https:\/\/tiempodedios.mx\/?s={search_term_string}\"},\"query-input\":{\"@type\":\"PropertyValueSpecification\",\"valueRequired\":true,\"valueName\":\"search_term_string\"}}],\"inLanguage\":\"en-US\"}]}<\/script>\n<!-- \/ Yoast SEO plugin. -->","yoast_head_json":{"title":"Eleva Tu M\u00fasica | Tiempo de Dios","robots":{"index":"index","follow":"follow","max-snippet":"max-snippet:-1","max-image-preview":"max-image-preview:large","max-video-preview":"max-video-preview:-1"},"canonical":"https:\/\/tiempodedios.mx\/en\/eleva-tu-musica\/","og_locale":"en_US","og_type":"article","og_title":"Eleva Tu M\u00fasica | Tiempo de Dios","og_description":"Formulario de Inter\u00e9s ETM 2026 3-6 Septiembre","og_url":"https:\/\/tiempodedios.mx\/en\/eleva-tu-musica\/","og_site_name":"Tiempo de Dios","article_modified_time":"2026-04-04T20:22:51+00:00","twitter_card":"summary_large_image","twitter_misc":{"Est. reading time":"1 minute"},"schema":{"@context":"https:\/\/schema.org","@graph":[{"@type":"WebPage","@id":"https:\/\/tiempodedios.mx\/eleva-tu-musica\/","url":"https:\/\/tiempodedios.mx\/eleva-tu-musica\/","name":"Eleva Tu M\u00fasica | Tiempo de Dios","isPartOf":{"@id":"https:\/\/tiempodedios.mx\/#website"},"datePublished":"2026-03-17T14:36:31+00:00","dateModified":"2026-04-04T20:22:51+00:00","breadcrumb":{"@id":"https:\/\/tiempodedios.mx\/eleva-tu-musica\/#breadcrumb"},"inLanguage":"en-US","potentialAction":[{"@type":"ReadAction","target":["https:\/\/tiempodedios.mx\/eleva-tu-musica\/"]}]},{"@type":"BreadcrumbList","@id":"https:\/\/tiempodedios.mx\/eleva-tu-musica\/#breadcrumb","itemListElement":[{"@type":"ListItem","position":1,"name":"Portada","item":"https:\/\/tiempodedios.mx\/"},{"@type":"ListItem","position":2,"name":"Eleva Tu M\u00fasica"}]},{"@type":"WebSite","@id":"https:\/\/tiempodedios.mx\/#website","url":"https:\/\/tiempodedios.mx\/","name":"Tiempo de Dios","description":"Sitio oficial del colectivo cat\u00f3lico tiempo de dios","potentialAction":[{"@type":"SearchAction","target":{"@type":"EntryPoint","urlTemplate":"https:\/\/tiempodedios.mx\/?s={search_term_string}"},"query-input":{"@type":"PropertyValueSpecification","valueRequired":true,"valueName":"search_term_string"}}],"inLanguage":"en-US"}]}},"_links":{"self":[{"href":"https:\/\/tiempodedios.mx\/en\/wp-json\/wp\/v2\/pages\/1390","targetHints":{"allow":["GET"]}}],"collection":[{"href":"https:\/\/tiempodedios.mx\/en\/wp-json\/wp\/v2\/pages"}],"about":[{"href":"https:\/\/tiempodedios.mx\/en\/wp-json\/wp\/v2\/types\/page"}],"author":[{"embeddable":true,"href":"https:\/\/tiempodedios.mx\/en\/wp-json\/wp\/v2\/users\/4"}],"replies":[{"embeddable":true,"href":"https:\/\/tiempodedios.mx\/en\/wp-json\/wp\/v2\/comments?post=1390"}],"version-history":[{"count":49,"href":"https:\/\/tiempodedios.mx\/en\/wp-json\/wp\/v2\/pages\/1390\/revisions"}],"predecessor-version":[{"id":1490,"href":"https:\/\/tiempodedios.mx\/en\/wp-json\/wp\/v2\/pages\/1390\/revisions\/1490"}],"wp:attachment":[{"href":"https:\/\/tiempodedios.mx\/en\/wp-json\/wp\/v2\/media?parent=1390"}],"curies":[{"name":"wp","href":"https:\/\/api.w.org\/{rel}","templated":true}]}}